{"id":1950,"date":"2021-08-11T14:20:55","date_gmt":"2021-08-11T12:20:55","guid":{"rendered":"http:\/\/inonout.eu\/oferta\/"},"modified":"2021-08-12T09:09:24","modified_gmt":"2021-08-12T07:09:24","slug":"oferta","status":"publish","type":"page","link":"https:\/\/inonout.eu\/es\/oferta\/","title":{"rendered":"Oferta"},"content":{"rendered":"<p>[vc_row css_animation=\u00bb\u00bb row_type=\u00bbrow\u00bb use_row_as_full_screen_section=\u00bbno\u00bb type=\u00bbgrid\u00bb angled_section=\u00bbno\u00bb text_align=\u00bbleft\u00bb background_image_as_pattern=\u00bbwithout_pattern\u00bb css=\u00bb.vc_custom_1617183790279{padding-bottom: 60px !important;}\u00bb z_index=\u00bb\u00bb][vc_column][vc_column_text css=\u00bb.vc_custom_1617704103016{padding-top: 70px !important;padding-bottom: 70px !important;}\u00bb]<\/p>\n<p class=\"breadcrumb\" style=\"text-align: center;\">OFERTA<\/p>\n<p>[\/vc_column_text][qode_circles columns=\u00bbthree_columns\u00bb circle_line=\u00bbwith_line\u00bb line_color=\u00bb#d8d8d8&#8243;][qode_circle type=\u00bbimage_type\u00bb background_color=\u00bb#ffffff\u00bb border_color=\u00bb#d8d8d8&#8243; text=\u00bb<\/p>\n<p><center>OFERTA<\/center><br \/>\nEn nuestra oferta encontrar\u00e1n:<\/p>\n<ul>\n<li>An\u00e1lisis de la capacidad de desarrollo de las parcelas<\/li>\n<li>Inventarios<\/li>\n<li>Conceptos multivariantes funcionales y espaciales como tambi\u00e9n arquitect\u00f3nicos<\/li>\n<li>Documentaci\u00f3n de marketing con visualizaciones fotorrealistas de edificios e interiores<\/li>\n<li>Informes periciales geol\u00f3gicos, en materia de estructura y construcci\u00f3n, dict\u00e1menes t\u00e9cnicos, estudios hidrol\u00f3gicos y legales<\/li>\n<li>Servicios geod\u00e9sicos<\/li>\n<li>Actividades formales y legales necesarias para obtener todas las decisiones y licencias de obra<\/li>\n<li>Proyectos de construcci\u00f3n, licitaci\u00f3n, ejecuci\u00f3n y as built en el campo de la arquitectura, construcci\u00f3n, instalaciones sanitarias, el\u00e9ctricas, de telecomunicaci\u00f3n y tecnol\u00f3gicas<\/li>\n<li>Proyectos de sistemas electr\u00f3nicos de casas inteligentes, bombas de calor, recuperaci\u00f3n<\/li>\n<li>Estimaciones de costes de inversi\u00f3n con proyecto previo de costes, estimaciones cuantitativas, especificaciones t\u00e9cnicas<\/li>\n<li>Supervisi\u00f3n multisectorial de autor<\/li>\n<li>Asesoramiento t\u00e9cnico<\/li>\n<\/ul>\n<p>\u00bb image=\u00bb851&#8243;][qode_circle type=\u00bbicon_type\u00bb icon=\u00bbfa-pencil\u00bb size=\u00bbfa-2x\u00bb background_color=\u00bb#ffffff\u00bb border_color=\u00bb#d8d8d8&#8243; text=\u00bb<\/p>\n<p><center>EXPERIENCIA Y PROYECTOS<\/center><br \/>\nNuestro Estudio ofrece un servicio integral para la construcci\u00f3n en el campo del dise\u00f1o en toda Polonia.<\/p>\n<p>TENEMOS EXPERIENCIA EN DISE\u00d1O DE:<\/p>\n<ul>\n<li>Obra mayor y menor<\/li>\n<li>Interiores<\/li>\n<li>Construcci\u00f3n de viviendas unifamiliares y multifamiliares con la infraestructura y urbanizaci\u00f3n necesarias<\/li>\n<\/ul>\n<p>.<br \/>\nDISE\u00d1AMOS:<\/p>\n<ul>\n<li>Edificios p\u00fablicos<\/li>\n<li>Edificios de oficinas<\/li>\n<li>Instalaciones deportivas y recreativas<\/li>\n<li>Plazas urbanas<\/li>\n<li>Interiores comerciales y residenciales<\/li>\n<li>Instalaciones de exhibici\u00f3n<\/li>\n<li>Edificios de nueva construcci\u00f3n<\/li>\n<li>Modernizaciones<\/li>\n<li>Adaptaciones<\/li>\n<li>Reforma y ampliaci\u00f3n de instalaciones existentes.<\/li>\n<\/ul>\n<p>\u00bb icon_color=\u00bb#000000&#8243;][qode_circle type=\u00bbimage_type\u00bb background_color=\u00bb#ffffff\u00bb border_color=\u00bb#d8d8d8&#8243; text=\u00bb<\/p>\n<p><center>PRECIOS Y FECHAS<\/center><br \/>\nOfrecemos una oferta de precio flexible y plazos realistas, elaborados en cada caso de forma individual en base al an\u00e1lisis del plan de inversi\u00f3n.\u00bb image=\u00bb829&#8243;][\/qode_circles][\/vc_column][\/vc_row][vc_row css_animation=\u00bb\u00bb row_type=\u00bbrow\u00bb use_row_as_full_screen_section=\u00bbno\u00bb type=\u00bbgrid\u00bb angled_section=\u00bbno\u00bb text_align=\u00bbcenter\u00bb background_image_as_pattern=\u00bbwithout_pattern\u00bb css=\u00bb.vc_custom_1616496355744{padding-bottom: 90px !important;}\u00bb z_index=\u00bb\u00bb][vc_column][vc_gallery type=\u00bbimage_grid\u00bb images=\u00bb1566,1568,1570,1572,1574,1576,1578,1580,1582,1584&#8243; img_size=\u00bb200&#215;150&#8243; column_number=\u00bb5&#8243; grayscale=\u00bbyes\u00bb images_space=\u00bbgallery_with_space\u00bb][\/vc_column][\/vc_row]<\/p>\n","protected":false},"excerpt":{"rendered":"<p>[vc_row css_animation=\u00bb\u00bb row_type=\u00bbrow\u00bb use_row_as_full_screen_section=\u00bbno\u00bb type=\u00bbgrid\u00bb angled_section=\u00bbno\u00bb text_align=\u00bbleft\u00bb background_image_as_pattern=\u00bbwithout_pattern\u00bb css=\u00bb.vc_custom_1617183790279{padding-bottom: 60px !important;}\u00bb z_index=\u00bb\u00bb][vc_column][vc_column_text css=\u00bb.vc_custom_1617704103016{padding-top: 70px !important;padding-bottom: 70px !important;}\u00bb] OFERTA [\/vc_column_text][qode_circles columns=\u00bbthree_columns\u00bb circle_line=\u00bbwith_line\u00bb line_color=\u00bb#d8d8d8&#8243;][qode_circle type=\u00bbimage_type\u00bb background_color=\u00bb#ffffff\u00bb border_color=\u00bb#d8d8d8&#8243; text=\u00bb OFERTA En nuestra oferta encontrar\u00e1n: An\u00e1lisis de la capacidad de desarrollo de las parcelas Inventarios Conceptos multivariantes funcionales y&#8230;<\/p>\n","protected":false},"author":1,"featured_media":0,"parent":0,"menu_order":0,"comment_status":"closed","ping_status":"closed","template":"full_width.php","meta":[],"yoast_head":"<!-- This site is optimized with the Yoast SEO plugin v21.8 - https:\/\/yoast.com\/wordpress\/plugins\/seo\/ -->\n<title>Oferta - InOnOut<\/title>\n<meta name=\"robots\" content=\"index, follow, max-snippet:-1, max-image-preview:large, max-video-preview:-1\" \/>\n<link rel=\"canonical\" href=\"https:\/\/inonout.eu\/oferta\/\" \/>\n<meta property=\"og:locale\" content=\"es_ES\" \/>\n<meta property=\"og:type\" content=\"article\" \/>\n<meta property=\"og:title\" content=\"Oferta - InOnOut\" \/>\n<meta property=\"og:description\" content=\"[vc_row css_animation=\u00bb\u00bb row_type=\u00bbrow\u00bb use_row_as_full_screen_section=\u00bbno\u00bb type=\u00bbgrid\u00bb angled_section=\u00bbno\u00bb text_align=\u00bbleft\u00bb background_image_as_pattern=\u00bbwithout_pattern\u00bb css=\u00bb.vc_custom_1617183790279{padding-bottom: 60px !important;}\u00bb z_index=\u00bb\u00bb][vc_column][vc_column_text css=\u00bb.vc_custom_1617704103016{padding-top: 70px !important;padding-bottom: 70px !important;}\u00bb] OFERTA [\/vc_column_text][qode_circles columns=\u00bbthree_columns\u00bb circle_line=\u00bbwith_line\u00bb line_color=\u00bb#d8d8d8&#8243;][qode_circle type=\u00bbimage_type\u00bb background_color=\u00bb#ffffff\u00bb border_color=\u00bb#d8d8d8&#8243; text=\u00bb OFERTA En nuestra oferta encontrar\u00e1n: An\u00e1lisis de la capacidad de desarrollo de las parcelas Inventarios Conceptos multivariantes funcionales y...\" \/>\n<meta property=\"og:url\" content=\"https:\/\/inonout.eu\/oferta\/\" \/>\n<meta property=\"og:site_name\" content=\"InOnOut\" \/>\n<meta property=\"article:publisher\" content=\"https:\/\/www.facebook.com\/inonoutarchitecture\" \/>\n<meta property=\"article:modified_time\" content=\"2021-08-12T07:09:24+00:00\" \/>\n<meta name=\"twitter:card\" content=\"summary_large_image\" \/>\n<meta name=\"twitter:label1\" content=\"Tiempo de lectura\" \/>\n\t<meta name=\"twitter:data1\" content=\"2 minutos\" \/>\n<script type=\"application\/ld+json\" class=\"yoast-schema-graph\">{\"@context\":\"https:\/\/schema.org\",\"@graph\":[{\"@type\":\"WebPage\",\"@id\":\"https:\/\/inonout.eu\/oferta\/\",\"url\":\"https:\/\/inonout.eu\/oferta\/\",\"name\":\"Oferta - InOnOut\",\"isPartOf\":{\"@id\":\"https:\/\/inonout.eu\/#website\"},\"datePublished\":\"2021-08-11T12:20:55+00:00\",\"dateModified\":\"2021-08-12T07:09:24+00:00\",\"breadcrumb\":{\"@id\":\"https:\/\/inonout.eu\/oferta\/#breadcrumb\"},\"inLanguage\":\"es\",\"potentialAction\":[{\"@type\":\"ReadAction\",\"target\":[\"https:\/\/inonout.eu\/oferta\/\"]}]},{\"@type\":\"BreadcrumbList\",\"@id\":\"https:\/\/inonout.eu\/oferta\/#breadcrumb\",\"itemListElement\":[{\"@type\":\"ListItem\",\"position\":1,\"name\":\"Strona g\u0142\u00f3wna\",\"item\":\"https:\/\/inonout.eu\/home3\/\"},{\"@type\":\"ListItem\",\"position\":2,\"name\":\"Oferta\"}]},{\"@type\":\"WebSite\",\"@id\":\"https:\/\/inonout.eu\/#website\",\"url\":\"https:\/\/inonout.eu\/\",\"name\":\"IN ON OUT Architecture\",\"description\":\"\",\"potentialAction\":[{\"@type\":\"SearchAction\",\"target\":{\"@type\":\"EntryPoint\",\"urlTemplate\":\"https:\/\/inonout.eu\/?s={search_term_string}\"},\"query-input\":\"required name=search_term_string\"}],\"inLanguage\":\"es\"}]}<\/script>\n<!-- \/ Yoast SEO plugin. -->","yoast_head_json":{"title":"Oferta - InOnOut","robots":{"index":"index","follow":"follow","max-snippet":"max-snippet:-1","max-image-preview":"max-image-preview:large","max-video-preview":"max-video-preview:-1"},"canonical":"https:\/\/inonout.eu\/oferta\/","og_locale":"es_ES","og_type":"article","og_title":"Oferta - InOnOut","og_description":"[vc_row css_animation=\u00bb\u00bb row_type=\u00bbrow\u00bb use_row_as_full_screen_section=\u00bbno\u00bb type=\u00bbgrid\u00bb angled_section=\u00bbno\u00bb text_align=\u00bbleft\u00bb background_image_as_pattern=\u00bbwithout_pattern\u00bb css=\u00bb.vc_custom_1617183790279{padding-bottom: 60px !important;}\u00bb z_index=\u00bb\u00bb][vc_column][vc_column_text css=\u00bb.vc_custom_1617704103016{padding-top: 70px !important;padding-bottom: 70px !important;}\u00bb] OFERTA [\/vc_column_text][qode_circles columns=\u00bbthree_columns\u00bb circle_line=\u00bbwith_line\u00bb line_color=\u00bb#d8d8d8&#8243;][qode_circle type=\u00bbimage_type\u00bb background_color=\u00bb#ffffff\u00bb border_color=\u00bb#d8d8d8&#8243; text=\u00bb OFERTA En nuestra oferta encontrar\u00e1n: An\u00e1lisis de la capacidad de desarrollo de las parcelas Inventarios Conceptos multivariantes funcionales y...","og_url":"https:\/\/inonout.eu\/oferta\/","og_site_name":"InOnOut","article_publisher":"https:\/\/www.facebook.com\/inonoutarchitecture","article_modified_time":"2021-08-12T07:09:24+00:00","twitter_card":"summary_large_image","twitter_misc":{"Tiempo de lectura":"2 minutos"},"schema":{"@context":"https:\/\/schema.org","@graph":[{"@type":"WebPage","@id":"https:\/\/inonout.eu\/oferta\/","url":"https:\/\/inonout.eu\/oferta\/","name":"Oferta - InOnOut","isPartOf":{"@id":"https:\/\/inonout.eu\/#website"},"datePublished":"2021-08-11T12:20:55+00:00","dateModified":"2021-08-12T07:09:24+00:00","breadcrumb":{"@id":"https:\/\/inonout.eu\/oferta\/#breadcrumb"},"inLanguage":"es","potentialAction":[{"@type":"ReadAction","target":["https:\/\/inonout.eu\/oferta\/"]}]},{"@type":"BreadcrumbList","@id":"https:\/\/inonout.eu\/oferta\/#breadcrumb","itemListElement":[{"@type":"ListItem","position":1,"name":"Strona g\u0142\u00f3wna","item":"https:\/\/inonout.eu\/home3\/"},{"@type":"ListItem","position":2,"name":"Oferta"}]},{"@type":"WebSite","@id":"https:\/\/inonout.eu\/#website","url":"https:\/\/inonout.eu\/","name":"IN ON OUT Architecture","description":"","potentialAction":[{"@type":"SearchAction","target":{"@type":"EntryPoint","urlTemplate":"https:\/\/inonout.eu\/?s={search_term_string}"},"query-input":"required name=search_term_string"}],"inLanguage":"es"}]}},"_links":{"self":[{"href":"https:\/\/inonout.eu\/es\/wp-json\/wp\/v2\/pages\/1950"}],"collection":[{"href":"https:\/\/inonout.eu\/es\/wp-json\/wp\/v2\/pages"}],"about":[{"href":"https:\/\/inonout.eu\/es\/wp-json\/wp\/v2\/types\/page"}],"author":[{"embeddable":true,"href":"https:\/\/inonout.eu\/es\/wp-json\/wp\/v2\/users\/1"}],"replies":[{"embeddable":true,"href":"https:\/\/inonout.eu\/es\/wp-json\/wp\/v2\/comments?post=1950"}],"version-history":[{"count":9,"href":"https:\/\/inonout.eu\/es\/wp-json\/wp\/v2\/pages\/1950\/revisions"}],"predecessor-version":[{"id":1992,"href":"https:\/\/inonout.eu\/es\/wp-json\/wp\/v2\/pages\/1950\/revisions\/1992"}],"wp:attachment":[{"href":"https:\/\/inonout.eu\/es\/wp-json\/wp\/v2\/media?parent=1950"}],"curies":[{"name":"wp","href":"https:\/\/api.w.org\/{rel}","templated":true}]}}