{"id":1946,"date":"2021-08-11T14:18:58","date_gmt":"2021-08-11T12:18:58","guid":{"rendered":"http:\/\/inonout.eu\/servicios\/"},"modified":"2021-08-12T09:08:30","modified_gmt":"2021-08-12T07:08:30","slug":"servicios","status":"publish","type":"page","link":"https:\/\/inonout.eu\/es\/servicios\/","title":{"rendered":"SERVICIOS"},"content":{"rendered":"<p>[vc_row css_animation=\u00bb\u00bb row_type=\u00bbrow\u00bb use_row_as_full_screen_section=\u00bbno\u00bb type=\u00bbgrid\u00bb angled_section=\u00bbno\u00bb text_align=\u00bbleft\u00bb background_image_as_pattern=\u00bbwithout_pattern\u00bb css=\u00bb.vc_custom_1617183790279{padding-bottom: 60px !important;}\u00bb z_index=\u00bb\u00bb][vc_column][vc_column_text css=\u00bb.vc_custom_1617704021354{padding-top: 70px !important;padding-bottom: 70px !important;}\u00bb]<\/p>\n<p class=\"breadcrumb\" style=\"text-align: center;\">SERVICIOS <span style=\"font-weight: 100;\">\/ PROCESO DE DISE\u00d1O:<\/span><\/p>\n<p>[\/vc_column_text][qode_circles columns=\u00bbfive_columns\u00bb circle_line=\u00bbwith_line\u00bb line_color=\u00bb#d8d8d8&#8243;][qode_circle type=\u00bbimage_type\u00bb background_color=\u00bb#ffffff\u00bb border_color=\u00bb#d8d8d8&#8243; title=\u00bbFASE 1&#8243; title_color=\u00bb#000000&#8243; text=\u00bb<\/p>\n<p><center>OBRAS DE ANTEPROYECTO:<\/center><br \/>\nAn\u00e1lisis detallados y polifac\u00e9ticos que influyen en el dise\u00f1o de la edificaci\u00f3n y elaboraci\u00f3n del informe de an\u00e1lisis que es el punto de partida para el concepto arquitect\u00f3nico y constructivo (expectativas del Cliente, econom\u00eda, plan de ordenamiento territorial, condiciones de edificaci\u00f3n, luz, ac\u00fastica, valores paisaj\u00edsticos, edificaciones lindantes existentes y planificadas, comunicaci\u00f3n, urbanizaci\u00f3n del terreno, oportunidades, problemas, diagramas de ubicaci\u00f3n del edificio en la parcela).\u00bb image=\u00bb738&#8243;][qode_circle type=\u00bbimage_type\u00bb background_color=\u00bb#ffffff\u00bb border_color=\u00bb#d8d8d8&#8243; title=\u00bbFASE 2&#8243; title_color=\u00bb#000000&#8243; text=\u00bb<\/p>\n<p><center>CONCEPTO ARQUITECT\u00d3NICO<\/center><\/p>\n<ul>\n<li>Trabajo con el Cliente<\/li>\n<li>Paseo 3D (gracias a los m\u00e9todos innovadores de creaci\u00f3n de un proyecto 3D interactivo, el Cliente participa en el proceso de dise\u00f1o en cada etapa del concepto. Preparamos modelos 3D interactivos de trabajo que permiten a los Clientes dar un paseo virtual por el edificio, gracias al cual pueden tomar decisiones de dise\u00f1o y aprobar soluciones de una manera a\u00fan m\u00e1s consciente).<\/li>\n<li>Concepto preciso en detalles, basado en soluciones probadas de dise\u00f1o y de materiales.<\/li>\n<li>Participaci\u00f3n del constructor y del instalador sanitario en el proceso conceptivo.<\/li>\n<li>Elaboraci\u00f3n final de simulaciones fotorrealistas, denominadas renderizaciones. renderizaciones<\/li>\n<li>Concepto de instalaciones sanitarias y an\u00e1lisis de sistemas inteligentes modernos.<\/li>\n<\/ul>\n<p>\u00bb image=\u00bb735&#8243;][qode_circle type=\u00bbimage_type\u00bb background_color=\u00bb#ffffff\u00bb border_color=\u00bb#d8d8d8&#8243; title=\u00bbFASE 3&#8243; title_color=\u00bb#000000&#8243; text=\u00bb<\/p>\n<p><center>DOCUMENTOS OFICIALES Y FORMALIDADES<\/center><br \/>\nPresentaci\u00f3n (paralela al concepto) y obtenci\u00f3n de todos los documentos y tr\u00e1mites oficiales necesarios:<\/p>\n<ul>\n<li>Condiciones t\u00e9cnicas para la conexi\u00f3n a la red<\/li>\n<li>Mapas geod\u00e9sicos<\/li>\n<li>Estudios geol\u00f3gicos<\/li>\n<li>Disposiciones de la ubicaci\u00f3n de las salidas de la carretera<\/li>\n<li>Disposiciones de las autoridades de patrimonio y arqueol\u00f3gicas<\/li>\n<li>Disposiciones de las autoridades de aviaci\u00f3n<\/li>\n<li>Condiciones de edificaci\u00f3n etc.<\/li>\n<li>Estudios periciales e informes t\u00e9cnicos y dendrol\u00f3gicos<\/li>\n<li>Inventarios<\/li>\n<\/ul>\n<p>\u00bb image=\u00bb737&#8243;][qode_circle type=\u00bbimage_type\u00bb background_color=\u00bb#ffffff\u00bb border_color=\u00bb#d8d8d8&#8243; title=\u00bbFASE 4&#8243; title_color=\u00bb#000000&#8243; text=\u00bb<\/p>\n<p><center>PROYECTO Y CONSULTAS<\/center><\/p>\n<ul>\n<li>Proyecto multisectorial de construcci\u00f3n arquitect\u00f3nica, estructural, sanitaria y el\u00e9ctrica.<\/li>\n<li>Consultas y propuestas de contratistas probados en el campo de obras de la construcci\u00f3n, herrajes para ventanas, instalaciones sanitarias, sistemas el\u00e9ctricos modernos (casa inteligente), elaboraci\u00f3n de estimaciones preliminares de costes.<\/li>\n<\/ul>\n<p>\u00bb image=\u00bb736&#8243;][qode_circle type=\u00bbimage_type\u00bb background_color=\u00bb#ffffff\u00bb border_color=\u00bb#d8d8d8&#8243; title=\u00bbFASE 5&#8243; title_color=\u00bb#000000&#8243; text=\u00bb<\/p>\n<p><center>PROYECTO MULTISECTORIAL DE EJECUCI\u00d3N<\/center><br \/>\nIncluye el proyecto arquitect\u00f3nico de construcci\u00f3n, estructural, as\u00ed como el de las instalaciones sanitarias y el\u00e9ctricas.<br \/>\nComparaci\u00f3n de la ofertas de contratistas.<br \/>\nLicencia de obra.<br \/>\nSupervisi\u00f3n del dise\u00f1ador en la obra.\u00bb image=\u00bb739&#8243;][\/qode_circles][\/vc_column][\/vc_row]<\/p>\n","protected":false},"excerpt":{"rendered":"<p>[vc_row css_animation=\u00bb\u00bb row_type=\u00bbrow\u00bb use_row_as_full_screen_section=\u00bbno\u00bb type=\u00bbgrid\u00bb angled_section=\u00bbno\u00bb text_align=\u00bbleft\u00bb background_image_as_pattern=\u00bbwithout_pattern\u00bb css=\u00bb.vc_custom_1617183790279{padding-bottom: 60px !important;}\u00bb z_index=\u00bb\u00bb][vc_column][vc_column_text css=\u00bb.vc_custom_1617704021354{padding-top: 70px !important;padding-bottom: 70px !important;}\u00bb] SERVICIOS \/ PROCESO DE DISE\u00d1O: [\/vc_column_text][qode_circles columns=\u00bbfive_columns\u00bb circle_line=\u00bbwith_line\u00bb line_color=\u00bb#d8d8d8&#8243;][qode_circle type=\u00bbimage_type\u00bb background_color=\u00bb#ffffff\u00bb border_color=\u00bb#d8d8d8&#8243; title=\u00bbFASE 1&#8243; title_color=\u00bb#000000&#8243; text=\u00bb OBRAS DE ANTEPROYECTO: An\u00e1lisis detallados y polifac\u00e9ticos que influyen en el dise\u00f1o&#8230;<\/p>\n","protected":false},"author":1,"featured_media":0,"parent":0,"menu_order":0,"comment_status":"closed","ping_status":"closed","template":"full_width.php","meta":[],"yoast_head":"<!-- This site is optimized with the Yoast SEO plugin v21.8 - https:\/\/yoast.com\/wordpress\/plugins\/seo\/ -->\n<title>SERVICIOS - InOnOut<\/title>\n<meta name=\"robots\" content=\"index, follow, max-snippet:-1, max-image-preview:large, max-video-preview:-1\" \/>\n<link rel=\"canonical\" href=\"https:\/\/inonout.eu\/uslugi\/\" \/>\n<meta property=\"og:locale\" content=\"es_ES\" \/>\n<meta property=\"og:type\" content=\"article\" \/>\n<meta property=\"og:title\" content=\"SERVICIOS - InOnOut\" \/>\n<meta property=\"og:description\" content=\"[vc_row css_animation=\u00bb\u00bb row_type=\u00bbrow\u00bb use_row_as_full_screen_section=\u00bbno\u00bb type=\u00bbgrid\u00bb angled_section=\u00bbno\u00bb text_align=\u00bbleft\u00bb background_image_as_pattern=\u00bbwithout_pattern\u00bb css=\u00bb.vc_custom_1617183790279{padding-bottom: 60px !important;}\u00bb z_index=\u00bb\u00bb][vc_column][vc_column_text css=\u00bb.vc_custom_1617704021354{padding-top: 70px !important;padding-bottom: 70px !important;}\u00bb] SERVICIOS \/ PROCESO DE DISE\u00d1O: [\/vc_column_text][qode_circles columns=\u00bbfive_columns\u00bb circle_line=\u00bbwith_line\u00bb line_color=\u00bb#d8d8d8&#8243;][qode_circle type=\u00bbimage_type\u00bb background_color=\u00bb#ffffff\u00bb border_color=\u00bb#d8d8d8&#8243; title=\u00bbFASE 1&#8243; title_color=\u00bb#000000&#8243; text=\u00bb OBRAS DE ANTEPROYECTO: An\u00e1lisis detallados y polifac\u00e9ticos que influyen en el dise\u00f1o...\" \/>\n<meta property=\"og:url\" content=\"https:\/\/inonout.eu\/uslugi\/\" \/>\n<meta property=\"og:site_name\" content=\"InOnOut\" \/>\n<meta property=\"article:publisher\" content=\"https:\/\/www.facebook.com\/inonoutarchitecture\" \/>\n<meta property=\"article:modified_time\" content=\"2021-08-12T07:08:30+00:00\" \/>\n<meta name=\"twitter:card\" content=\"summary_large_image\" \/>\n<meta name=\"twitter:label1\" content=\"Tiempo de lectura\" \/>\n\t<meta name=\"twitter:data1\" content=\"3 minutos\" \/>\n<script type=\"application\/ld+json\" class=\"yoast-schema-graph\">{\"@context\":\"https:\/\/schema.org\",\"@graph\":[{\"@type\":\"WebPage\",\"@id\":\"https:\/\/inonout.eu\/uslugi\/\",\"url\":\"https:\/\/inonout.eu\/uslugi\/\",\"name\":\"SERVICIOS - InOnOut\",\"isPartOf\":{\"@id\":\"https:\/\/inonout.eu\/#website\"},\"datePublished\":\"2021-08-11T12:18:58+00:00\",\"dateModified\":\"2021-08-12T07:08:30+00:00\",\"breadcrumb\":{\"@id\":\"https:\/\/inonout.eu\/uslugi\/#breadcrumb\"},\"inLanguage\":\"es\",\"potentialAction\":[{\"@type\":\"ReadAction\",\"target\":[\"https:\/\/inonout.eu\/uslugi\/\"]}]},{\"@type\":\"BreadcrumbList\",\"@id\":\"https:\/\/inonout.eu\/uslugi\/#breadcrumb\",\"itemListElement\":[{\"@type\":\"ListItem\",\"position\":1,\"name\":\"Strona g\u0142\u00f3wna\",\"item\":\"https:\/\/inonout.eu\/home3\/\"},{\"@type\":\"ListItem\",\"position\":2,\"name\":\"SERVICIOS\"}]},{\"@type\":\"WebSite\",\"@id\":\"https:\/\/inonout.eu\/#website\",\"url\":\"https:\/\/inonout.eu\/\",\"name\":\"IN ON OUT Architecture\",\"description\":\"\",\"potentialAction\":[{\"@type\":\"SearchAction\",\"target\":{\"@type\":\"EntryPoint\",\"urlTemplate\":\"https:\/\/inonout.eu\/?s={search_term_string}\"},\"query-input\":\"required name=search_term_string\"}],\"inLanguage\":\"es\"}]}<\/script>\n<!-- \/ Yoast SEO plugin. -->","yoast_head_json":{"title":"SERVICIOS - InOnOut","robots":{"index":"index","follow":"follow","max-snippet":"max-snippet:-1","max-image-preview":"max-image-preview:large","max-video-preview":"max-video-preview:-1"},"canonical":"https:\/\/inonout.eu\/uslugi\/","og_locale":"es_ES","og_type":"article","og_title":"SERVICIOS - InOnOut","og_description":"[vc_row css_animation=\u00bb\u00bb row_type=\u00bbrow\u00bb use_row_as_full_screen_section=\u00bbno\u00bb type=\u00bbgrid\u00bb angled_section=\u00bbno\u00bb text_align=\u00bbleft\u00bb background_image_as_pattern=\u00bbwithout_pattern\u00bb css=\u00bb.vc_custom_1617183790279{padding-bottom: 60px !important;}\u00bb z_index=\u00bb\u00bb][vc_column][vc_column_text css=\u00bb.vc_custom_1617704021354{padding-top: 70px !important;padding-bottom: 70px !important;}\u00bb] SERVICIOS \/ PROCESO DE DISE\u00d1O: [\/vc_column_text][qode_circles columns=\u00bbfive_columns\u00bb circle_line=\u00bbwith_line\u00bb line_color=\u00bb#d8d8d8&#8243;][qode_circle type=\u00bbimage_type\u00bb background_color=\u00bb#ffffff\u00bb border_color=\u00bb#d8d8d8&#8243; title=\u00bbFASE 1&#8243; title_color=\u00bb#000000&#8243; text=\u00bb OBRAS DE ANTEPROYECTO: An\u00e1lisis detallados y polifac\u00e9ticos que influyen en el dise\u00f1o...","og_url":"https:\/\/inonout.eu\/uslugi\/","og_site_name":"InOnOut","article_publisher":"https:\/\/www.facebook.com\/inonoutarchitecture","article_modified_time":"2021-08-12T07:08:30+00:00","twitter_card":"summary_large_image","twitter_misc":{"Tiempo de lectura":"3 minutos"},"schema":{"@context":"https:\/\/schema.org","@graph":[{"@type":"WebPage","@id":"https:\/\/inonout.eu\/uslugi\/","url":"https:\/\/inonout.eu\/uslugi\/","name":"SERVICIOS - InOnOut","isPartOf":{"@id":"https:\/\/inonout.eu\/#website"},"datePublished":"2021-08-11T12:18:58+00:00","dateModified":"2021-08-12T07:08:30+00:00","breadcrumb":{"@id":"https:\/\/inonout.eu\/uslugi\/#breadcrumb"},"inLanguage":"es","potentialAction":[{"@type":"ReadAction","target":["https:\/\/inonout.eu\/uslugi\/"]}]},{"@type":"BreadcrumbList","@id":"https:\/\/inonout.eu\/uslugi\/#breadcrumb","itemListElement":[{"@type":"ListItem","position":1,"name":"Strona g\u0142\u00f3wna","item":"https:\/\/inonout.eu\/home3\/"},{"@type":"ListItem","position":2,"name":"SERVICIOS"}]},{"@type":"WebSite","@id":"https:\/\/inonout.eu\/#website","url":"https:\/\/inonout.eu\/","name":"IN ON OUT Architecture","description":"","potentialAction":[{"@type":"SearchAction","target":{"@type":"EntryPoint","urlTemplate":"https:\/\/inonout.eu\/?s={search_term_string}"},"query-input":"required name=search_term_string"}],"inLanguage":"es"}]}},"_links":{"self":[{"href":"https:\/\/inonout.eu\/es\/wp-json\/wp\/v2\/pages\/1946"}],"collection":[{"href":"https:\/\/inonout.eu\/es\/wp-json\/wp\/v2\/pages"}],"about":[{"href":"https:\/\/inonout.eu\/es\/wp-json\/wp\/v2\/types\/page"}],"author":[{"embeddable":true,"href":"https:\/\/inonout.eu\/es\/wp-json\/wp\/v2\/users\/1"}],"replies":[{"embeddable":true,"href":"https:\/\/inonout.eu\/es\/wp-json\/wp\/v2\/comments?post=1946"}],"version-history":[{"count":5,"href":"https:\/\/inonout.eu\/es\/wp-json\/wp\/v2\/pages\/1946\/revisions"}],"predecessor-version":[{"id":1990,"href":"https:\/\/inonout.eu\/es\/wp-json\/wp\/v2\/pages\/1946\/revisions\/1990"}],"wp:attachment":[{"href":"https:\/\/inonout.eu\/es\/wp-json\/wp\/v2\/media?parent=1946"}],"curies":[{"name":"wp","href":"https:\/\/api.w.org\/{rel}","templated":true}]}}