{"id":1932,"date":"2021-08-11T14:09:35","date_gmt":"2021-08-11T12:09:35","guid":{"rendered":"http:\/\/inonout.eu\/sobre-nosotros\/"},"modified":"2021-08-12T09:08:10","modified_gmt":"2021-08-12T07:08:10","slug":"sobre-nosotros","status":"publish","type":"page","link":"https:\/\/inonout.eu\/es\/sobre-nosotros\/","title":{"rendered":"SOBRE NOSOTROS"},"content":{"rendered":"<p>[vc_row css_animation=\u00bb\u00bb row_type=\u00bbrow\u00bb use_row_as_full_screen_section=\u00bbno\u00bb type=\u00bbgrid\u00bb angled_section=\u00bbno\u00bb text_align=\u00bbleft\u00bb background_image_as_pattern=\u00bbwithout_pattern\u00bb css=\u00bb.vc_custom_1626864745704{padding-top: 0px !important;background-position: center !important;background-repeat: no-repeat !important;background-size: cover !important;}\u00bb z_index=\u00bb\u00bb][vc_column][vc_column_text css=\u00bb.vc_custom_1626770501382{padding-top: 70px !important;padding-bottom: 70px !important;}\u00bb]<\/p>\n<p class=\"breadcrumb\" style=\"text-align: center;\">MONIKA G\u0141USZCZY\u0143SKA<span style=\"font-weight: 100;\"> \/ ARQUITECTA Y CEO DE INONOUT<\/span><\/p>\n<p>[\/vc_column_text][\/vc_column][vc_column width=\u00bb1\/3&#8243; css=\u00bb.vc_custom_1626866352463{padding-right: 0px !important;padding-left: 0px !important;}\u00bb][vc_single_image image=\u00bb1734&#8243; img_size=\u00bbfull\u00bb qode_css_animation=\u00bb\u00bb css=\u00bb.vc_custom_1627032142383{padding-left: 38px !important;}\u00bb el_class=\u00bbfot\u00bb][\/vc_column][vc_column width=\u00bb2\/3&#8243; css=\u00bb.vc_custom_1626866301812{padding-left: 0px !important;}\u00bb][vc_column_text]Desde hace 5 a\u00f1os propietaria del Estudio IN ON OUT Architecture. Autora de numerosos proyectos y realizaciones en Polonia y en el extranjero: Nueva York, Barcelona, Bruselas. Trabaja en el Estudio de Arquitectura en Plewiska, en las afueras de Pozna\u0144. Se encarga de nuevas realizaciones tanto en el territorio de Polonia como tambi\u00e9n en otros pa\u00edses.[\/vc_column_text][vc_column_text css=\u00bb.vc_custom_1616495731533{padding-top: 8px !important;}\u00bb]PR\u00c1CTICA:<\/p>\n<ul>\n<li>M\u00e1s de 15 a\u00f1os de experiencia en el campo del arte y el dise\u00f1o<\/li>\n<li>M\u00e1s de 10 a\u00f1os de experiencia en el sector de la arquitectura y la construcci\u00f3n<\/li>\n<li>M\u00e1s de 5 a\u00f1os de experiencia en experiencia en gesti\u00f3n inmobiliaria y alquiler de edificios de oficinas<\/li>\n<\/ul>\n<p>[\/vc_column_text][vc_column_text css=\u00bb.vc_custom_1616495741966{padding-top: 8px !important;}\u00bb]FORMACI\u00d3N:<\/p>\n<ol>\n<li>Universidad de las Artes de Pozna\u0144, especialidad:<br \/>\nArquitectura y Urbanismo, <strong>estudios de Ingenier\u00eda de duraci\u00f3n de 3,5 a\u00f1os,<\/strong><\/li>\n<li>Universidad de Tecnolog\u00eda de Wroc\u0142aw, especialidad:<br \/>\nArquitectura, <strong>estudios M\u00e1ster de 2 a\u00f1os de duraci\u00f3n,<\/strong><\/li>\n<li>Universidad de Econom\u00eda y Negocios de Pozna\u0144, especialidad:<br \/>\nMaster of Business Training &#8211; <strong>estudios de posgrado en gesti\u00f3n y coaching<\/strong><\/li>\n<\/ol>\n<p>[\/vc_column_text][vc_column_text css=\u00bb.vc_custom_1626697140172{padding-top: 8px !important;}\u00bb]COLABORACI\u00d3N:<\/p>\n<ul>\n<li><strong>En Polonia<\/strong> &#8211; Estudio de Arquitectura Ultra Architects, Easst com<\/li>\n<li><strong>En Nueva York<\/strong> &#8211; Estudio de Arquitectura Barry Rice Architects Pllc de Nueva York<\/li>\n<li><strong>En Barcelona<\/strong> &#8211; Estudio de Arquitectura DNA Barcelona Partners Architects<\/li>\n<\/ul>\n<p>[\/vc_column_text][\/vc_column][\/vc_row][vc_row css_animation=\u00bb\u00bb row_type=\u00bbrow\u00bb use_row_as_full_screen_section=\u00bbno\u00bb type=\u00bbgrid\u00bb angled_section=\u00bbno\u00bb text_align=\u00bbleft\u00bb background_image_as_pattern=\u00bbwithout_pattern\u00bb css=\u00bb.vc_custom_1626864467745{padding-bottom: 70px !important;}\u00bb z_index=\u00bb\u00bb][vc_column][vc_column_text css=\u00bb.vc_custom_1625048809370{padding-top: 70px !important;padding-bottom: 70px !important;}\u00bb]<\/p>\n<p class=\"breadcrumb\" style=\"text-align: center;\">EQUIPO DE PROYECTOS <span style=\"font-weight: 100;\"> \/ INONOUT<\/span><\/p>\n<p>[\/vc_column_text][qode_circles columns=\u00bbfour_columns\u00bb circle_line=\u00bbwith_line\u00bb line_color=\u00bb#d8d8d8&#8243;][qode_circle type=\u00bbimage_type\u00bb background_color=\u00bb#ffffff\u00bb border_color=\u00bb#d8d8d8&#8243; title=\u00bbJaros\u0142aw Kmieciak\u00bb title_color=\u00bb#000000&#8243; text=\u00bb<\/p>\n<p><center>CONSTRUCTOR<\/center>\u00bb image=\u00bb968&#8243;][qode_circle type=\u00bbimage_type\u00bb background_color=\u00bb#ffffff\u00bb border_color=\u00bb#d8d8d8&#8243; title=\u00bbMicha\u0142 Kassner\u00bb title_color=\u00bb#000000&#8243; text=\u00bb<\/p>\n<p><center>INSTALADOR<\/center>\u00bb image=\u00bb969&#8243;][qode_circle type=\u00bbimage_type\u00bb background_color=\u00bb#ffffff\u00bb border_color=\u00bb#d8d8d8&#8243; title=\u00bbAleksandra Hy\u017c<br \/>\nAleksandra M\u0119tlewicz\u00bb title_color=\u00bb#000000&#8243; text=\u00bb<\/p>\n<p><center>ARQUITECTA DE INTERIORES<\/center>\u00bb image=\u00bb971&#8243;][qode_circle type=\u00bbimage_type\u00bb background_color=\u00bb#ffffff\u00bb border_color=\u00bb#d8d8d8&#8243; title=\u00bbMagdalena Filipiak\u00bb title_color=\u00bb#000000&#8243; text=\u00bb<\/p>\n<p><center>ARQUITECTA PAISAJISTA<\/center>\u00bb image=\u00bb972&#8243;][\/qode_circles][\/vc_column][\/vc_row][vc_row row_type=\u00bbparallax\u00bb parallax_content_width=\u00bbin_grid\u00bb text_align=\u00bbcenter\u00bb full_screen_section_height=\u00bbno\u00bb css=\u00bb.vc_custom_1624346981836{padding-top: 200px !important;padding-bottom: 200px !important;background-image: url(http:\/\/inonout.eu\/wp-content\/uploads\/2021\/06\/P4.png?id=898) !important;background-position: center !important;background-repeat: no-repeat !important;background-size: cover !important;}\u00bb background_image=\u00bb898&#8243; section_height=\u00bb400&#8243; parallax_speed=\u00bb1.5&#8243;][vc_column][\/vc_column][\/vc_row][vc_row css_animation=\u00bb\u00bb row_type=\u00bbrow\u00bb use_row_as_full_screen_section=\u00bbno\u00bb type=\u00bbgrid\u00bb angled_section=\u00bbno\u00bb text_align=\u00bbcenter\u00bb background_image_as_pattern=\u00bbwithout_pattern\u00bb css=\u00bb.vc_custom_1614165109570{padding-top: 100px !important;padding-bottom: 100px !important;}\u00bb z_index=\u00bb\u00bb][vc_column][vc_gallery type=\u00bbimage_grid\u00bb images=\u00bb1566,1568,1570,1572,1574,1576,1578,1580,1582,1584&#8243; img_size=\u00bb200&#215;150&#8243; column_number=\u00bb5&#8243; grayscale=\u00bbyes\u00bb images_space=\u00bbgallery_with_space\u00bb][\/vc_column][\/vc_row][vc_row css_animation=\u00bb\u00bb row_type=\u00bbrow\u00bb use_row_as_full_screen_section=\u00bbno\u00bb type=\u00bbgrid\u00bb angled_section=\u00bbno\u00bb text_align=\u00bbleft\u00bb background_image_as_pattern=\u00bbwithout_pattern\u00bb css=\u00bb.vc_custom_1626866207753{padding-top: 0px !important;background-position: center !important;background-repeat: no-repeat !important;background-size: cover !important;}\u00bb z_index=\u00bb\u00bb el_class=\u00bbgghh\u00bb][vc_column][vc_column_text css=\u00bb.vc_custom_1626770501382{padding-top: 70px !important;padding-bottom: 70px !important;}\u00bb]<\/p>\n<p class=\"breadcrumb\" style=\"text-align: center;\">MONIKA G\u0141USZCZY\u0143SKA<span style=\"font-weight: 100;\"> \/ ARQUITECTA Y CEO DE INONOUT<\/span><\/p>\n<p>[\/vc_column_text][\/vc_column][vc_column width=\u00bb1\/3&#8243; el_class=\u00bbpadersy\u00bb][qode_circles columns=\u00bbthree_columns\u00bb circle_line=\u00bbno_line\u00bb line_color=\u00bb#d8d8d8&#8243;][qode_circle type=\u00bbimage_type\u00bb background_color=\u00bb#ffffff\u00bb border_color=\u00bb#d8d8d8&#8243; image=\u00bb921&#8243;][\/qode_circles][\/vc_column][vc_column width=\u00bb2\/3&#8243;][vc_column_text]Desde hace 5 a\u00f1os propietaria del Estudio IN ON OUT Architecture. Autora de numerosos proyectos y realizaciones en Polonia y en el extranjero: Nueva York, Barcelona, Bruselas. Trabaja en el Estudio de Arquitectura en Plewiska, en las afueras de Pozna\u0144. Se encarga de nuevas realizaciones tanto en el territorio de Polonia como tambi\u00e9n en otros pa\u00edses.[\/vc_column_text][vc_column_text css=\u00bb.vc_custom_1616495731533{padding-top: 8px !important;}\u00bb]PR\u00c1CTICA:<\/p>\n<ul>\n<li>M\u00e1s de 15 a\u00f1os de experiencia en el campo del arte y el dise\u00f1o<\/li>\n<li>M\u00e1s de 10 a\u00f1os de experiencia en el sector de la arquitectura y la construcci\u00f3n<\/li>\n<li>M\u00e1s de 5 a\u00f1os de experiencia en experiencia en gesti\u00f3n inmobiliaria y alquiler de edificios de oficinas<\/li>\n<\/ul>\n<p>[\/vc_column_text][vc_column_text css=\u00bb.vc_custom_1616495741966{padding-top: 8px !important;}\u00bb]FORMACI\u00d3N:<\/p>\n<ol>\n<li>Universidad de las Artes de Pozna\u0144, especialidad:<br \/>\nArquitectura y Urbanismo, <strong>estudios de Ingenier\u00eda de duraci\u00f3n de 3,5 a\u00f1os,<\/strong><\/li>\n<li>Universidad de Tecnolog\u00eda de Wroc\u0142aw, especialidad:<br \/>\nArquitectura, <strong>estudios M\u00e1ster de 2 a\u00f1os de duraci\u00f3n,<\/strong><\/li>\n<li>Universidad de Econom\u00eda y Negocios de Pozna\u0144, especialidad:<br \/>\nMaster of Business Training &#8211; <strong>estudios de posgrado en gesti\u00f3n y coaching<\/strong><\/li>\n<\/ol>\n<p>[\/vc_column_text][vc_column_text css=\u00bb.vc_custom_1626697140172{padding-top: 8px !important;}\u00bb]COLABORACI\u00d3N:<\/p>\n<ul>\n<li><strong>En Polonia<\/strong> &#8211; Estudio de Arquitectura Ultra Architects, Easst com<\/li>\n<li><strong>En Nueva York<\/strong> &#8211; Estudio de Arquitectura Barry Rice Architects Pllc de Nueva York<\/li>\n<li><strong>En Barcelona<\/strong> &#8211; Estudio de Arquitectura DNA Barcelona Partners Architects<\/li>\n<\/ul>\n<p>[\/vc_column_text][\/vc_column][\/vc_row]<\/p>\n","protected":false},"excerpt":{"rendered":"<p>[vc_row css_animation=\u00bb\u00bb row_type=\u00bbrow\u00bb use_row_as_full_screen_section=\u00bbno\u00bb type=\u00bbgrid\u00bb angled_section=\u00bbno\u00bb text_align=\u00bbleft\u00bb background_image_as_pattern=\u00bbwithout_pattern\u00bb css=\u00bb.vc_custom_1626864745704{padding-top: 0px !important;background-position: center !important;background-repeat: no-repeat !important;background-size: cover !important;}\u00bb z_index=\u00bb\u00bb][vc_column][vc_column_text css=\u00bb.vc_custom_1626770501382{padding-top: 70px !important;padding-bottom: 70px !important;}\u00bb] MONIKA G\u0141USZCZY\u0143SKA \/ ARQUITECTA Y CEO DE INONOUT [\/vc_column_text][\/vc_column][vc_column width=\u00bb1\/3&#8243; css=\u00bb.vc_custom_1626866352463{padding-right: 0px !important;padding-left: 0px !important;}\u00bb][vc_single_image image=\u00bb1734&#8243; img_size=\u00bbfull\u00bb qode_css_animation=\u00bb\u00bb css=\u00bb.vc_custom_1627032142383{padding-left: 38px !important;}\u00bb el_class=\u00bbfot\u00bb][\/vc_column][vc_column&#8230;<\/p>\n","protected":false},"author":1,"featured_media":0,"parent":0,"menu_order":0,"comment_status":"closed","ping_status":"closed","template":"full_width.php","meta":[],"yoast_head":"<!-- This site is optimized with the Yoast SEO plugin v21.8 - https:\/\/yoast.com\/wordpress\/plugins\/seo\/ -->\n<title>SOBRE NOSOTROS - InOnOut<\/title>\n<meta name=\"robots\" content=\"index, follow, max-snippet:-1, max-image-preview:large, max-video-preview:-1\" \/>\n<link rel=\"canonical\" href=\"https:\/\/inonout.eu\/o-nas\/\" \/>\n<meta property=\"og:locale\" content=\"es_ES\" \/>\n<meta property=\"og:type\" content=\"article\" \/>\n<meta property=\"og:title\" content=\"SOBRE NOSOTROS - InOnOut\" \/>\n<meta property=\"og:description\" content=\"[vc_row css_animation=\u00bb\u00bb row_type=\u00bbrow\u00bb use_row_as_full_screen_section=\u00bbno\u00bb type=\u00bbgrid\u00bb angled_section=\u00bbno\u00bb text_align=\u00bbleft\u00bb background_image_as_pattern=\u00bbwithout_pattern\u00bb css=\u00bb.vc_custom_1626864745704{padding-top: 0px !important;background-position: center !important;background-repeat: no-repeat !important;background-size: cover !important;}\u00bb z_index=\u00bb\u00bb][vc_column][vc_column_text css=\u00bb.vc_custom_1626770501382{padding-top: 70px !important;padding-bottom: 70px !important;}\u00bb] MONIKA G\u0141USZCZY\u0143SKA \/ ARQUITECTA Y CEO DE INONOUT [\/vc_column_text][\/vc_column][vc_column width=\u00bb1\/3&#8243; css=\u00bb.vc_custom_1626866352463{padding-right: 0px !important;padding-left: 0px !important;}\u00bb][vc_single_image image=\u00bb1734&#8243; img_size=\u00bbfull\u00bb qode_css_animation=\u00bb\u00bb css=\u00bb.vc_custom_1627032142383{padding-left: 38px !important;}\u00bb el_class=\u00bbfot\u00bb][\/vc_column][vc_column...\" \/>\n<meta property=\"og:url\" content=\"https:\/\/inonout.eu\/o-nas\/\" \/>\n<meta property=\"og:site_name\" content=\"InOnOut\" \/>\n<meta property=\"article:publisher\" content=\"https:\/\/www.facebook.com\/inonoutarchitecture\" \/>\n<meta property=\"article:modified_time\" content=\"2021-08-12T07:08:10+00:00\" \/>\n<meta name=\"twitter:card\" content=\"summary_large_image\" \/>\n<meta name=\"twitter:label1\" content=\"Tiempo de lectura\" \/>\n\t<meta name=\"twitter:data1\" content=\"5 minutos\" \/>\n<script type=\"application\/ld+json\" class=\"yoast-schema-graph\">{\"@context\":\"https:\/\/schema.org\",\"@graph\":[{\"@type\":\"WebPage\",\"@id\":\"https:\/\/inonout.eu\/o-nas\/\",\"url\":\"https:\/\/inonout.eu\/o-nas\/\",\"name\":\"SOBRE NOSOTROS - InOnOut\",\"isPartOf\":{\"@id\":\"https:\/\/inonout.eu\/#website\"},\"datePublished\":\"2021-08-11T12:09:35+00:00\",\"dateModified\":\"2021-08-12T07:08:10+00:00\",\"breadcrumb\":{\"@id\":\"https:\/\/inonout.eu\/o-nas\/#breadcrumb\"},\"inLanguage\":\"es\",\"potentialAction\":[{\"@type\":\"ReadAction\",\"target\":[\"https:\/\/inonout.eu\/o-nas\/\"]}]},{\"@type\":\"BreadcrumbList\",\"@id\":\"https:\/\/inonout.eu\/o-nas\/#breadcrumb\",\"itemListElement\":[{\"@type\":\"ListItem\",\"position\":1,\"name\":\"Strona g\u0142\u00f3wna\",\"item\":\"https:\/\/inonout.eu\/home3\/\"},{\"@type\":\"ListItem\",\"position\":2,\"name\":\"SOBRE NOSOTROS\"}]},{\"@type\":\"WebSite\",\"@id\":\"https:\/\/inonout.eu\/#website\",\"url\":\"https:\/\/inonout.eu\/\",\"name\":\"IN ON OUT Architecture\",\"description\":\"\",\"potentialAction\":[{\"@type\":\"SearchAction\",\"target\":{\"@type\":\"EntryPoint\",\"urlTemplate\":\"https:\/\/inonout.eu\/?s={search_term_string}\"},\"query-input\":\"required name=search_term_string\"}],\"inLanguage\":\"es\"}]}<\/script>\n<!-- \/ Yoast SEO plugin. -->","yoast_head_json":{"title":"SOBRE NOSOTROS - InOnOut","robots":{"index":"index","follow":"follow","max-snippet":"max-snippet:-1","max-image-preview":"max-image-preview:large","max-video-preview":"max-video-preview:-1"},"canonical":"https:\/\/inonout.eu\/o-nas\/","og_locale":"es_ES","og_type":"article","og_title":"SOBRE NOSOTROS - InOnOut","og_description":"[vc_row css_animation=\u00bb\u00bb row_type=\u00bbrow\u00bb use_row_as_full_screen_section=\u00bbno\u00bb type=\u00bbgrid\u00bb angled_section=\u00bbno\u00bb text_align=\u00bbleft\u00bb background_image_as_pattern=\u00bbwithout_pattern\u00bb css=\u00bb.vc_custom_1626864745704{padding-top: 0px !important;background-position: center !important;background-repeat: no-repeat !important;background-size: cover !important;}\u00bb z_index=\u00bb\u00bb][vc_column][vc_column_text css=\u00bb.vc_custom_1626770501382{padding-top: 70px !important;padding-bottom: 70px !important;}\u00bb] MONIKA G\u0141USZCZY\u0143SKA \/ ARQUITECTA Y CEO DE INONOUT [\/vc_column_text][\/vc_column][vc_column width=\u00bb1\/3&#8243; css=\u00bb.vc_custom_1626866352463{padding-right: 0px !important;padding-left: 0px !important;}\u00bb][vc_single_image image=\u00bb1734&#8243; img_size=\u00bbfull\u00bb qode_css_animation=\u00bb\u00bb css=\u00bb.vc_custom_1627032142383{padding-left: 38px !important;}\u00bb el_class=\u00bbfot\u00bb][\/vc_column][vc_column...","og_url":"https:\/\/inonout.eu\/o-nas\/","og_site_name":"InOnOut","article_publisher":"https:\/\/www.facebook.com\/inonoutarchitecture","article_modified_time":"2021-08-12T07:08:10+00:00","twitter_card":"summary_large_image","twitter_misc":{"Tiempo de lectura":"5 minutos"},"schema":{"@context":"https:\/\/schema.org","@graph":[{"@type":"WebPage","@id":"https:\/\/inonout.eu\/o-nas\/","url":"https:\/\/inonout.eu\/o-nas\/","name":"SOBRE NOSOTROS - InOnOut","isPartOf":{"@id":"https:\/\/inonout.eu\/#website"},"datePublished":"2021-08-11T12:09:35+00:00","dateModified":"2021-08-12T07:08:10+00:00","breadcrumb":{"@id":"https:\/\/inonout.eu\/o-nas\/#breadcrumb"},"inLanguage":"es","potentialAction":[{"@type":"ReadAction","target":["https:\/\/inonout.eu\/o-nas\/"]}]},{"@type":"BreadcrumbList","@id":"https:\/\/inonout.eu\/o-nas\/#breadcrumb","itemListElement":[{"@type":"ListItem","position":1,"name":"Strona g\u0142\u00f3wna","item":"https:\/\/inonout.eu\/home3\/"},{"@type":"ListItem","position":2,"name":"SOBRE NOSOTROS"}]},{"@type":"WebSite","@id":"https:\/\/inonout.eu\/#website","url":"https:\/\/inonout.eu\/","name":"IN ON OUT Architecture","description":"","potentialAction":[{"@type":"SearchAction","target":{"@type":"EntryPoint","urlTemplate":"https:\/\/inonout.eu\/?s={search_term_string}"},"query-input":"required name=search_term_string"}],"inLanguage":"es"}]}},"_links":{"self":[{"href":"https:\/\/inonout.eu\/es\/wp-json\/wp\/v2\/pages\/1932"}],"collection":[{"href":"https:\/\/inonout.eu\/es\/wp-json\/wp\/v2\/pages"}],"about":[{"href":"https:\/\/inonout.eu\/es\/wp-json\/wp\/v2\/types\/page"}],"author":[{"embeddable":true,"href":"https:\/\/inonout.eu\/es\/wp-json\/wp\/v2\/users\/1"}],"replies":[{"embeddable":true,"href":"https:\/\/inonout.eu\/es\/wp-json\/wp\/v2\/comments?post=1932"}],"version-history":[{"count":14,"href":"https:\/\/inonout.eu\/es\/wp-json\/wp\/v2\/pages\/1932\/revisions"}],"predecessor-version":[{"id":1989,"href":"https:\/\/inonout.eu\/es\/wp-json\/wp\/v2\/pages\/1932\/revisions\/1989"}],"wp:attachment":[{"href":"https:\/\/inonout.eu\/es\/wp-json\/wp\/v2\/media?parent=1932"}],"curies":[{"name":"wp","href":"https:\/\/api.w.org\/{rel}","templated":true}]}}